{"id":987,"date":"2025-10-01T16:33:57","date_gmt":"2025-10-01T09:33:57","guid":{"rendered":"https:\/\/ngon-vietnam.com\/?post_type=product&#038;p=987"},"modified":"2025-10-02T16:03:29","modified_gmt":"2025-10-02T09:03:29","slug":"ngon-vietnam-playing-cards","status":"publish","type":"product","link":"https:\/\/ngon-vietnam.com\/fr\/produit\/ngon-vietnam-playing-cards\/","title":{"rendered":"Ngon Vietnam Playing Cards"},"content":{"rendered":"<p data-start=\"131\" data-end=\"180\">\ud83c\udfb4 <strong data-start=\"134\" data-end=\"171\">Go\u00fbtez le Vietnam, une carte \u00e0 la fois<\/strong> \ud83c\udf5c\ud83c\uddfb\ud83c\uddf3<\/p>\n<p data-start=\"182\" data-end=\"500\" class=\"translation-block\">D\u00e9couvrez <strong>Ngon Vietnam<\/strong>, un jeu de cartes unique de 54 cartes d\u00e9di\u00e9 aux saveurs riches et aux plats embl\u00e9matiques du Vietnam. Chaque carte est magnifiquement illustr\u00e9e avec une recette vietnamienne iconique \u2014 des bols fumants de <em>ph\u1edf<\/em> et le gr\u00e9sillement du <em>b\u00e1nh x\u00e8o<\/em>, \u00e0 la fra\u00eecheur croquante des <em>g\u1ecfi cu\u1ed1n<\/em> et \u00e0 la douceur sucr\u00e9e du <em>ch\u00e8<\/em>.<\/p>\n<p data-start=\"502\" data-end=\"751\">Bien plus qu\u2019un simple jeu de cartes, Ngon Vietnam est votre passeport vers les cuisines et les \u00e9tals de rue du pays. Scannez les cartes ou visitez notre site pour d\u00e9couvrir les recettes compl\u00e8tes et les conseils de pr\u00e9paration, et faire entrer toute la saveur du Vietnam directement chez vous.<\/p>\n<p data-start=\"753\" data-end=\"770\">\u2728 <strong data-start=\"755\" data-end=\"768\">Contenu:<\/strong><\/p>\n<ul data-start=\"771\" data-end=\"1114\">\n<li data-start=\"771\" data-end=\"824\">\n<p data-start=\"773\" data-end=\"824\">54 cartes au design exclusif (52 cartes standards + 2 Jokers)<\/p>\n<\/li>\n<li data-start=\"825\" data-end=\"884\">\n<p data-start=\"827\" data-end=\"884\">Illustrations originales mettant en valeur les plats les plus embl\u00e9matiques du Vietnam<\/p>\n<\/li>\n<li data-start=\"885\" data-end=\"928\">\n<p data-start=\"887\" data-end=\"928\">Recettes disponibles en ligne pour chaque carte<\/p>\n<\/li>\n<li data-start=\"929\" data-end=\"997\">\n<p data-start=\"931\" data-end=\"997\">Finition de qualit\u00e9 premium pour un m\u00e9lange fluide et une utilisation durable<\/p>\n<\/li>\n<li data-start=\"998\" data-end=\"1114\">\n<p data-start=\"1000\" data-end=\"1114\">Parfait pour les amateurs de gastronomie, les voyageurs et tous ceux qui souhaitent d\u00e9couvrir la cuisine vietnamienne de mani\u00e8re ludique et interactive<\/p>\n<\/li>\n<\/ul>\n<p data-start=\"1116\" data-end=\"1197\">Jouez, cuisinez et collectionnez \u2014 avec Ngon Vietnam, chaque partie devient un d\u00e9licieux voyage.<\/p>","protected":false},"excerpt":{"rendered":"<p data-start=\"96\" data-end=\"382\" class=\"translation-block\">Ngon Vietnam est un jeu de cartes premium qui met \u00e0 l\u2019honneur la vibrante culture culinaire du Vietnam. Chaque carte est magnifiquement illustr\u00e9e pour c\u00e9l\u00e9brer les plats, les boissons et la vie de rue qui rendent la cuisine vietnamienne si embl\u00e9matique. Une mani\u00e8re unique et savoureuse de jouer, de collectionner ou d\u2019offrir.<\/p>\n<p data-start=\"384\" data-end=\"409\"><strong data-start=\"384\" data-end=\"407\">Ce que contient le paquet:<\/strong><\/p>\n<ul data-start=\"410\" data-end=\"636\">\n<li data-start=\"410\" data-end=\"473\">\n<p data-start=\"412\" data-end=\"473\">40 cartes de base illustr\u00e9es avec des plats vietnamiens embl\u00e9matiques<\/p>\n<\/li>\n<li data-start=\"474\" data-end=\"532\">\n<p data-start=\"476\" data-end=\"532\">12 cartes figures mettant en sc\u00e8ne des vendeurs de rue<\/p>\n<\/li>\n<li data-start=\"533\" data-end=\"607\">\n<p data-start=\"535\" data-end=\"607\">2 cartes Joker repr\u00e9sentant le Vietnam et ses boissons nationales embl\u00e9matiques (le caf\u00e9 et le th\u00e9)<\/p>\n<\/li>\n<li data-start=\"608\" data-end=\"636\">\n<p data-start=\"610\" data-end=\"636\">Une carte de remplacement<\/p>\n<\/li>\n<\/ul>","protected":false},"featured_media":1030,"template":"","meta":{"_acf_changed":false},"product_brand":[],"product_cat":[163],"product_tag":[164,167,165,169,168,166],"class_list":{"0":"post-987","1":"product","2":"type-product","3":"status-publish","4":"has-post-thumbnail","6":"product_cat-game","7":"product_tag-cards-game","8":"product_tag-food","9":"product_tag-ngon-vietnam","10":"product_tag-playing-cards","11":"product_tag-recipes","12":"product_tag-vietnamese-cuisine","13":"entry","14":"has-media","16":"first","17":"instock","18":"shipping-taxable","19":"purchasable","20":"product-type-simple"},"acf":[],"yoast_head":"<!-- This site is optimized with the Yoast SEO plugin v27.4 - https:\/\/yoast.com\/product\/yoast-seo-wordpress\/ -->\n<title>Buy Ngon Vietnam Playing Cards<\/title>\n<meta name=\"description\" content=\"Ngon Vietnam playing cards: 54 beautifully illustrated cards featuring iconic Vietnamese dishes, street food, and recipes. Play, collect, or gift.\" \/>\n<meta name=\"robots\" content=\"index, follow, max-snippet:-1, max-image-preview:large, max-video-preview:-1\" \/>\n<link rel=\"canonical\" href=\"https:\/\/ngon-vietnam.com\/fr\/produit\/ngon-vietnam-playing-cards\/\" \/>\n<meta property=\"og:locale\" content=\"fr_FR\" \/>\n<meta property=\"og:type\" content=\"article\" \/>\n<meta property=\"og:title\" content=\"Buy Ngon Vietnam Playing Cards\" \/>\n<meta property=\"og:description\" content=\"Ngon Vietnam playing cards: 54 beautifully illustrated cards featuring iconic Vietnamese dishes, street food, and recipes. Play, collect, or gift.\" \/>\n<meta property=\"og:url\" content=\"https:\/\/ngon-vietnam.com\/fr\/produit\/ngon-vietnam-playing-cards\/\" \/>\n<meta property=\"og:site_name\" content=\"ngon-vietnam.com\" \/>\n<meta property=\"article:modified_time\" content=\"2025-10-02T09:03:29+00:00\" \/>\n<meta property=\"og:image\" content=\"https:\/\/ngon-vietnam.com\/wp-content\/uploads\/2025\/09\/Product-packshot.png\" \/>\n\t<meta property=\"og:image:width\" content=\"1000\" \/>\n\t<meta property=\"og:image:height\" content=\"1000\" \/>\n\t<meta property=\"og:image:type\" content=\"image\/png\" \/>\n<meta name=\"twitter:card\" content=\"summary_large_image\" \/>\n<meta name=\"twitter:label1\" content=\"Dur\u00e9e de lecture estim\u00e9e\" \/>\n\t<meta name=\"twitter:data1\" content=\"1 minute\" \/>\n<script type=\"application\/ld+json\" class=\"yoast-schema-graph\">{\"@context\":\"https:\\\/\\\/schema.org\",\"@graph\":[{\"@type\":\"WebPage\",\"@id\":\"https:\\\/\\\/ngon-vietnam.com\\\/product\\\/ngon-vietnam-playing-cards\\\/\",\"url\":\"https:\\\/\\\/ngon-vietnam.com\\\/product\\\/ngon-vietnam-playing-cards\\\/\",\"name\":\"Buy Ngon Vietnam Playing Cards\",\"isPartOf\":{\"@id\":\"https:\\\/\\\/ngon-vietnam.com\\\/#website\"},\"primaryImageOfPage\":{\"@id\":\"https:\\\/\\\/ngon-vietnam.com\\\/product\\\/ngon-vietnam-playing-cards\\\/#primaryimage\"},\"image\":{\"@id\":\"https:\\\/\\\/ngon-vietnam.com\\\/product\\\/ngon-vietnam-playing-cards\\\/#primaryimage\"},\"thumbnailUrl\":\"https:\\\/\\\/ngon-vietnam.com\\\/wp-content\\\/uploads\\\/2025\\\/10\\\/Ngon-Vietnam-packshot-white-background.png\",\"datePublished\":\"2025-10-01T09:33:57+00:00\",\"dateModified\":\"2025-10-02T09:03:29+00:00\",\"description\":\"Ngon Vietnam playing cards: 54 beautifully illustrated cards featuring iconic Vietnamese dishes, street food, and recipes. Play, collect, or gift.\",\"breadcrumb\":{\"@id\":\"https:\\\/\\\/ngon-vietnam.com\\\/product\\\/ngon-vietnam-playing-cards\\\/#breadcrumb\"},\"inLanguage\":\"fr-FR\",\"potentialAction\":[{\"@type\":\"ReadAction\",\"target\":[\"https:\\\/\\\/ngon-vietnam.com\\\/product\\\/ngon-vietnam-playing-cards\\\/\"]}]},{\"@type\":\"ImageObject\",\"inLanguage\":\"fr-FR\",\"@id\":\"https:\\\/\\\/ngon-vietnam.com\\\/product\\\/ngon-vietnam-playing-cards\\\/#primaryimage\",\"url\":\"https:\\\/\\\/ngon-vietnam.com\\\/wp-content\\\/uploads\\\/2025\\\/10\\\/Ngon-Vietnam-packshot-white-background.png\",\"contentUrl\":\"https:\\\/\\\/ngon-vietnam.com\\\/wp-content\\\/uploads\\\/2025\\\/10\\\/Ngon-Vietnam-packshot-white-background.png\",\"width\":1000,\"height\":1000,\"caption\":\"Ngon Vietnam - product packshot\"},{\"@type\":\"BreadcrumbList\",\"@id\":\"https:\\\/\\\/ngon-vietnam.com\\\/product\\\/ngon-vietnam-playing-cards\\\/#breadcrumb\",\"itemListElement\":[{\"@type\":\"ListItem\",\"position\":1,\"name\":\"Home\",\"item\":\"https:\\\/\\\/ngon-vietnam.com\\\/\"},{\"@type\":\"ListItem\",\"position\":2,\"name\":\"Shop\",\"item\":\"https:\\\/\\\/ngon-vietnam.com\\\/shop\\\/\"},{\"@type\":\"ListItem\",\"position\":3,\"name\":\"Ngon Vietnam Playing Cards\"}]},{\"@type\":\"WebSite\",\"@id\":\"https:\\\/\\\/ngon-vietnam.com\\\/#website\",\"url\":\"https:\\\/\\\/ngon-vietnam.com\\\/\",\"name\":\"ngon-vietnam.com\",\"description\":\"\",\"publisher\":{\"@id\":\"https:\\\/\\\/ngon-vietnam.com\\\/#organization\"},\"potentialAction\":[{\"@type\":\"SearchAction\",\"target\":{\"@type\":\"EntryPoint\",\"urlTemplate\":\"https:\\\/\\\/ngon-vietnam.com\\\/?s={search_term_string}\"},\"query-input\":{\"@type\":\"PropertyValueSpecification\",\"valueRequired\":true,\"valueName\":\"search_term_string\"}}],\"inLanguage\":\"fr-FR\"},{\"@type\":\"Organization\",\"@id\":\"https:\\\/\\\/ngon-vietnam.com\\\/#organization\",\"name\":\"ngon-vietnam.com\",\"url\":\"https:\\\/\\\/ngon-vietnam.com\\\/\",\"logo\":{\"@type\":\"ImageObject\",\"inLanguage\":\"fr-FR\",\"@id\":\"https:\\\/\\\/ngon-vietnam.com\\\/#\\\/schema\\\/logo\\\/image\\\/\",\"url\":\"https:\\\/\\\/ngon-vietnam.com\\\/wp-content\\\/uploads\\\/2025\\\/10\\\/Logo-Ngon-Vietnam.png\",\"contentUrl\":\"https:\\\/\\\/ngon-vietnam.com\\\/wp-content\\\/uploads\\\/2025\\\/10\\\/Logo-Ngon-Vietnam.png\",\"width\":319,\"height\":145,\"caption\":\"ngon-vietnam.com\"},\"image\":{\"@id\":\"https:\\\/\\\/ngon-vietnam.com\\\/#\\\/schema\\\/logo\\\/image\\\/\"}}]}<\/script>\n<!-- \/ Yoast SEO plugin. -->","yoast_head_json":{"title":"Buy Ngon Vietnam Playing Cards","description":"Ngon Vietnam playing cards: 54 beautifully illustrated cards featuring iconic Vietnamese dishes, street food, and recipes. Play, collect, or gift.","robots":{"index":"index","follow":"follow","max-snippet":"max-snippet:-1","max-image-preview":"max-image-preview:large","max-video-preview":"max-video-preview:-1"},"canonical":"https:\/\/ngon-vietnam.com\/fr\/produit\/ngon-vietnam-playing-cards\/","og_locale":"fr_FR","og_type":"article","og_title":"Buy Ngon Vietnam Playing Cards","og_description":"Ngon Vietnam playing cards: 54 beautifully illustrated cards featuring iconic Vietnamese dishes, street food, and recipes. Play, collect, or gift.","og_url":"https:\/\/ngon-vietnam.com\/fr\/produit\/ngon-vietnam-playing-cards\/","og_site_name":"ngon-vietnam.com","article_modified_time":"2025-10-02T09:03:29+00:00","og_image":[{"width":1000,"height":1000,"url":"https:\/\/ngon-vietnam.com\/wp-content\/uploads\/2025\/09\/Product-packshot.png","type":"image\/png"}],"twitter_card":"summary_large_image","twitter_misc":{"Dur\u00e9e de lecture estim\u00e9e":"1 minute"},"schema":{"@context":"https:\/\/schema.org","@graph":[{"@type":"WebPage","@id":"https:\/\/ngon-vietnam.com\/product\/ngon-vietnam-playing-cards\/","url":"https:\/\/ngon-vietnam.com\/product\/ngon-vietnam-playing-cards\/","name":"Buy Ngon Vietnam Playing Cards","isPartOf":{"@id":"https:\/\/ngon-vietnam.com\/#website"},"primaryImageOfPage":{"@id":"https:\/\/ngon-vietnam.com\/product\/ngon-vietnam-playing-cards\/#primaryimage"},"image":{"@id":"https:\/\/ngon-vietnam.com\/product\/ngon-vietnam-playing-cards\/#primaryimage"},"thumbnailUrl":"https:\/\/ngon-vietnam.com\/wp-content\/uploads\/2025\/10\/Ngon-Vietnam-packshot-white-background.png","datePublished":"2025-10-01T09:33:57+00:00","dateModified":"2025-10-02T09:03:29+00:00","description":"Ngon Vietnam playing cards: 54 beautifully illustrated cards featuring iconic Vietnamese dishes, street food, and recipes. Play, collect, or gift.","breadcrumb":{"@id":"https:\/\/ngon-vietnam.com\/product\/ngon-vietnam-playing-cards\/#breadcrumb"},"inLanguage":"fr-FR","potentialAction":[{"@type":"ReadAction","target":["https:\/\/ngon-vietnam.com\/product\/ngon-vietnam-playing-cards\/"]}]},{"@type":"ImageObject","inLanguage":"fr-FR","@id":"https:\/\/ngon-vietnam.com\/product\/ngon-vietnam-playing-cards\/#primaryimage","url":"https:\/\/ngon-vietnam.com\/wp-content\/uploads\/2025\/10\/Ngon-Vietnam-packshot-white-background.png","contentUrl":"https:\/\/ngon-vietnam.com\/wp-content\/uploads\/2025\/10\/Ngon-Vietnam-packshot-white-background.png","width":1000,"height":1000,"caption":"Ngon Vietnam - product packshot"},{"@type":"BreadcrumbList","@id":"https:\/\/ngon-vietnam.com\/product\/ngon-vietnam-playing-cards\/#breadcrumb","itemListElement":[{"@type":"ListItem","position":1,"name":"Home","item":"https:\/\/ngon-vietnam.com\/"},{"@type":"ListItem","position":2,"name":"Shop","item":"https:\/\/ngon-vietnam.com\/shop\/"},{"@type":"ListItem","position":3,"name":"Ngon Vietnam Playing Cards"}]},{"@type":"WebSite","@id":"https:\/\/ngon-vietnam.com\/#website","url":"https:\/\/ngon-vietnam.com\/","name":"ngon-vietnam.com","description":"","publisher":{"@id":"https:\/\/ngon-vietnam.com\/#organization"},"potentialAction":[{"@type":"SearchAction","target":{"@type":"EntryPoint","urlTemplate":"https:\/\/ngon-vietnam.com\/?s={search_term_string}"},"query-input":{"@type":"PropertyValueSpecification","valueRequired":true,"valueName":"search_term_string"}}],"inLanguage":"fr-FR"},{"@type":"Organization","@id":"https:\/\/ngon-vietnam.com\/#organization","name":"ngon-vietnam.com","url":"https:\/\/ngon-vietnam.com\/","logo":{"@type":"ImageObject","inLanguage":"fr-FR","@id":"https:\/\/ngon-vietnam.com\/#\/schema\/logo\/image\/","url":"https:\/\/ngon-vietnam.com\/wp-content\/uploads\/2025\/10\/Logo-Ngon-Vietnam.png","contentUrl":"https:\/\/ngon-vietnam.com\/wp-content\/uploads\/2025\/10\/Logo-Ngon-Vietnam.png","width":319,"height":145,"caption":"ngon-vietnam.com"},"image":{"@id":"https:\/\/ngon-vietnam.com\/#\/schema\/logo\/image\/"}}]}},"_links":{"self":[{"href":"https:\/\/ngon-vietnam.com\/fr\/wp-json\/wp\/v2\/product\/987","targetHints":{"allow":["GET"]}}],"collection":[{"href":"https:\/\/ngon-vietnam.com\/fr\/wp-json\/wp\/v2\/product"}],"about":[{"href":"https:\/\/ngon-vietnam.com\/fr\/wp-json\/wp\/v2\/types\/product"}],"wp:featuredmedia":[{"embeddable":true,"href":"https:\/\/ngon-vietnam.com\/fr\/wp-json\/wp\/v2\/media\/1030"}],"wp:attachment":[{"href":"https:\/\/ngon-vietnam.com\/fr\/wp-json\/wp\/v2\/media?parent=987"}],"wp:term":[{"taxonomy":"product_brand","embeddable":true,"href":"https:\/\/ngon-vietnam.com\/fr\/wp-json\/wp\/v2\/product_brand?post=987"},{"taxonomy":"product_cat","embeddable":true,"href":"https:\/\/ngon-vietnam.com\/fr\/wp-json\/wp\/v2\/product_cat?post=987"},{"taxonomy":"product_tag","embeddable":true,"href":"https:\/\/ngon-vietnam.com\/fr\/wp-json\/wp\/v2\/product_tag?post=987"}],"curies":[{"name":"wp","href":"https:\/\/api.w.org\/{rel}","templated":true}]}}