{"id":987,"date":"2025-10-01T16:33:57","date_gmt":"2025-10-01T09:33:57","guid":{"rendered":"https:\/\/ngon-vietnam.com\/?post_type=product&#038;p=987"},"modified":"2025-10-02T16:03:29","modified_gmt":"2025-10-02T09:03:29","slug":"ngon-vietnam-playing-cards","status":"publish","type":"product","link":"https:\/\/ngon-vietnam.com\/vi\/san-pham\/ngon-vietnam-playing-cards\/","title":{"rendered":"Ngon Vi\u1ec7t Nam Ch\u01a1i B\u00e0i"},"content":{"rendered":"<p data-start=\"131\" data-end=\"180\">\ud83c\udfb4 <strong data-start=\"134\" data-end=\"171\">H\u01b0\u01a1ng v\u1ecb Vi\u1ec7t nam, m\u1ed9t Th\u1ebb t\u1ea1i m\u1ed9t Th\u1eddi gian<\/strong> \ud83c\udf5c\ud83c\uddfb\ud83c\uddf3<\/p>\n<p data-start=\"182\" data-end=\"500\" class=\"translation-block\">Kh\u00f4ng ch\u1ec9 l\u00e0 m\u1ed9t b\u1ed9 b\u00e0i, Ngon Vietnam c\u00f2n l\u00e0 t\u1ea5m h\u1ed9 chi\u1ebfu \u0111\u01b0a b\u1ea1n \u0111\u1ebfn v\u1edbi nh\u1eefng c\u0103n b\u1ebfp v\u00e0 g\u00e1nh h\u00e0ng rong kh\u1eafp Vi\u1ec7t Nam. Qu\u00e9t m\u00e3 tr\u00ean c\u00e1c l\u00e1 b\u00e0i ho\u1eb7c truy c\u1eadp website c\u1ee7a ch\u00fang t\u00f4i \u0111\u1ec3 m\u1edf kh\u00f3a c\u00f4ng th\u1ee9c \u0111\u1ea7y \u0111\u1ee7 v\u00e0 m\u1eb9o n\u1ea5u \u0103n, gi\u00fap b\u1ea1n mang tr\u1ecdn h\u01b0\u01a1ng v\u1ecb Vi\u1ec7t Nam v\u1ec1 ch\u00ednh c\u0103n b\u1ebfp c\u1ee7a m\u00ecnh.<\/p>\n<p data-start=\"502\" data-end=\"751\">Nhi\u1ec1u h\u01a1n ch\u1ec9 l\u00e0 m\u1ed9t b\u1ed9 b\u00e0i Ngon Vi\u1ec7t nam l\u00e0 h\u1ed9 chi\u1ebfu c\u1ee7a b\u1ea1n c\u1ee7a \u0111\u1ea5t n\u01b0\u1edbc nh\u00e0 b\u1ebfp v\u00e0 \u0111\u01b0\u1eddng ph\u1ed1 qu\u1ea7y h\u00e0ng. Qu\u00e9t th\u1ebb ho\u1eb7c truy c\u1eadp trang web c\u1ee7a ch\u00fang t\u00f4i \u0111\u1ec3 m\u1edf kh\u00f3a nh\u1eefng b\u00ed quy\u1ebft n\u1ea5u \u0103n v\u00e0 l\u1eddi khuy\u00ean \u0111\u1ec3 b\u1ea1n c\u00f3 th\u1ec3 mang l\u1ea1i h\u01b0\u01a1ng v\u1ecb c\u1ee7a T\u1ed5ng ph\u1ea3i v\u00e0o nh\u00e0 c\u1ee7a b\u1ea1n.<\/p>\n<p data-start=\"753\" data-end=\"770\">kiss <strong data-start=\"755\" data-end=\"768\">T\u00ednh n\u0103ng:<\/strong><\/p>\n<ul data-start=\"771\" data-end=\"1114\">\n<li data-start=\"771\" data-end=\"824\">\n<p data-start=\"773\" data-end=\"824\">54 thi\u1ebft k\u1ebf th\u1ebb (52 chu\u1ea9n + 2 pha tr\u00f2 c\u01b0\u1eddi)<\/p>\n<\/li>\n<li data-start=\"825\" data-end=\"884\">\n<p data-start=\"827\" data-end=\"884\">T\u00e1c ph\u1ea9m ngh\u1ec7 thu\u1eadt g\u1ed1c v\u1edbi Vi\u1ec7t nam nh\u1ea5t c\u1ee7a mang t\u00ednh bi\u1ec3u t\u01b0\u1ee3ng, m\u00f3n<\/p>\n<\/li>\n<li data-start=\"885\" data-end=\"928\">\n<p data-start=\"887\" data-end=\"928\">C\u00f4ng th\u1ee9c n\u1ea5u \u0103n s\u1eb5n tr\u1ef1c tuy\u1ebfn cho m\u1ecdi th\u1ebb<\/p>\n<\/li>\n<li data-start=\"929\" data-end=\"997\">\n<p data-start=\"931\" data-end=\"997\">Ch\u1ea5t l\u01b0\u1ee3ng cao c\u1ea5p k\u1ebft th\u00fac cho m\u1ecbn x\u00e1o tr\u1ed9n v\u00e0 s\u1eed d\u1ee5ng l\u00e2u d\u00e0i<\/p>\n<\/li>\n<li data-start=\"998\" data-end=\"1114\">\n<p data-start=\"1000\" data-end=\"1114\">Ho\u00e0n h\u1ea3o cho nh\u1eefng ng\u01b0\u1eddi y\u00eau th\u1ef1c ph\u1ea9m, du kh\u00e1ch, v\u00e0 b\u1ea5t c\u1ee9 ai mu\u1ed1n kh\u00e1m ph\u00e1 Vi\u1ec7t nam, m\u1ed9t c\u00e1ch t\u01b0\u01a1ng t\u00e1c vui v\u1ebb<\/p>\n<\/li>\n<\/ul>\n<p data-start=\"1116\" data-end=\"1197\">Ch\u01a1i, n\u1ea5u \u0103n, v\u00e0 thu th\u1eadp \u2014 v\u1edbi Ngon Vi\u1ec7t nam, m\u1ed7i tr\u00f2 ch\u01a1i l\u00e0 m\u1ed9t cu\u1ed9c h\u00e0nh tr\u00ecnh ngon.<\/p>","protected":false},"excerpt":{"rendered":"<p data-start=\"96\" data-end=\"382\" class=\"translation-block\">Ngon Vietnam l\u00e0 m\u1ed9t b\u1ed9 b\u00e0i cao c\u1ea5p, mang tinh hoa \u1ea9m th\u1ef1c s\u1ed1ng \u0111\u1ed9ng c\u1ee7a Vi\u1ec7t Nam \u0111\u1ebfn t\u1eebng v\u00e1n ch\u01a1i. M\u1ed7i l\u00e1 b\u00e0i \u0111\u01b0\u1ee3c minh h\u1ecda tinh t\u1ebf, t\u00f4n vinh c\u00e1c m\u00f3n \u0103n, th\u1ee9c u\u1ed1ng v\u00e0 nh\u1ecbp s\u1ed1ng \u0111\u01b0\u1eddng ph\u1ed1 l\u00e0m n\u00ean b\u1ea3n s\u1eafc \u0111\u1eb7c tr\u01b0ng c\u1ee7a \u1ea9m th\u1ef1c Vi\u1ec7t. M\u1ed9t c\u00e1ch th\u01b0\u1edfng th\u1ee9c \u0111\u1ed9c \u0111\u00e1o v\u00e0 \u0111\u1ea7y h\u01b0\u01a1ng v\u1ecb \u0111\u1ec3 ch\u01a1i, s\u01b0u t\u1ea7m ho\u1eb7c l\u00e0m qu\u00e0 t\u1eb7ng.<\/p>\n<p data-start=\"384\" data-end=\"409\"><strong data-start=\"384\" data-end=\"407\">C\u00f3 g\u00ec trong c\u00e1c g\u00f3i:<\/strong><\/p>\n<ul data-start=\"410\" data-end=\"636\">\n<li data-start=\"410\" data-end=\"473\">\n<p data-start=\"412\" data-end=\"473\">40 c\u01a1 b\u1ea3n th\u1ebb minh h\u1ecda m\u00f3n \u0103n Vi\u1ec7t nam, v\u1edbi ch\u1eef k\u00fd<\/p>\n<\/li>\n<li data-start=\"474\" data-end=\"532\">\n<p data-start=\"476\" data-end=\"532\">12 t\u00f2a \u00e1n th\u1ebb v\u1edbi xe th\u1ef1c ph\u1ea9m v\u00e0 ng\u01b0\u1eddi b\u00e1n h\u00e0ng \u0111\u01b0\u1eddng ph\u1ed1<\/p>\n<\/li>\n<li data-start=\"533\" data-end=\"607\">\n<p data-start=\"535\" data-end=\"607\">2 l\u00e1 Joker \u0111\u1ea1i di\u1ec7n cho Vi\u1ec7t nam y\u00eau qu\u00fd \u0111\u1ed3 u\u1ed1ng qu\u1ed1c gia (c\u00e0 ph\u00ea v\u00e0 tr\u00e0)<\/p>\n<\/li>\n<li data-start=\"608\" data-end=\"636\">\n<p data-start=\"610\" data-end=\"636\">1 ph\u1ee5 t\u00f9ng thay th\u1ebf\/th\u1ebb<\/p>\n<\/li>\n<\/ul>","protected":false},"featured_media":1030,"template":"","meta":{"_acf_changed":false},"product_brand":[],"product_cat":[163],"product_tag":[164,167,165,169,168,166],"class_list":{"0":"post-987","1":"product","2":"type-product","3":"status-publish","4":"has-post-thumbnail","6":"product_cat-game","7":"product_tag-cards-game","8":"product_tag-food","9":"product_tag-ngon-vietnam","10":"product_tag-playing-cards","11":"product_tag-recipes","12":"product_tag-vietnamese-cuisine","13":"entry","14":"has-media","16":"first","17":"instock","18":"shipping-taxable","19":"purchasable","20":"product-type-simple"},"acf":[],"yoast_head":"<!-- This site is optimized with the Yoast SEO plugin v27.4 - https:\/\/yoast.com\/product\/yoast-seo-wordpress\/ -->\n<title>Buy Ngon Vietnam Playing Cards<\/title>\n<meta name=\"description\" content=\"Ngon Vietnam playing cards: 54 beautifully illustrated cards featuring iconic Vietnamese dishes, street food, and recipes. Play, collect, or gift.\" \/>\n<meta name=\"robots\" content=\"index, follow, max-snippet:-1, max-image-preview:large, max-video-preview:-1\" \/>\n<link rel=\"canonical\" href=\"https:\/\/ngon-vietnam.com\/vi\/san-pham\/ngon-vietnam-playing-cards\/\" \/>\n<meta property=\"og:locale\" content=\"vi_VN\" \/>\n<meta property=\"og:type\" content=\"article\" \/>\n<meta property=\"og:title\" content=\"Buy Ngon Vietnam Playing Cards\" \/>\n<meta property=\"og:description\" content=\"Ngon Vietnam playing cards: 54 beautifully illustrated cards featuring iconic Vietnamese dishes, street food, and recipes. Play, collect, or gift.\" \/>\n<meta property=\"og:url\" content=\"https:\/\/ngon-vietnam.com\/vi\/san-pham\/ngon-vietnam-playing-cards\/\" \/>\n<meta property=\"og:site_name\" content=\"ngon-vietnam.com\" \/>\n<meta property=\"article:modified_time\" content=\"2025-10-02T09:03:29+00:00\" \/>\n<meta property=\"og:image\" content=\"https:\/\/ngon-vietnam.com\/wp-content\/uploads\/2025\/09\/Product-packshot.png\" \/>\n\t<meta property=\"og:image:width\" content=\"1000\" \/>\n\t<meta property=\"og:image:height\" content=\"1000\" \/>\n\t<meta property=\"og:image:type\" content=\"image\/png\" \/>\n<meta name=\"twitter:card\" content=\"summary_large_image\" \/>\n<meta name=\"twitter:label1\" content=\"\u01af\u1edbc t\u00ednh th\u1eddi gian \u0111\u1ecdc\" \/>\n\t<meta name=\"twitter:data1\" content=\"1 ph\u00fat\" \/>\n<script type=\"application\/ld+json\" class=\"yoast-schema-graph\">{\"@context\":\"https:\\\/\\\/schema.org\",\"@graph\":[{\"@type\":\"WebPage\",\"@id\":\"https:\\\/\\\/ngon-vietnam.com\\\/product\\\/ngon-vietnam-playing-cards\\\/\",\"url\":\"https:\\\/\\\/ngon-vietnam.com\\\/product\\\/ngon-vietnam-playing-cards\\\/\",\"name\":\"Buy Ngon Vietnam Playing Cards\",\"isPartOf\":{\"@id\":\"https:\\\/\\\/ngon-vietnam.com\\\/#website\"},\"primaryImageOfPage\":{\"@id\":\"https:\\\/\\\/ngon-vietnam.com\\\/product\\\/ngon-vietnam-playing-cards\\\/#primaryimage\"},\"image\":{\"@id\":\"https:\\\/\\\/ngon-vietnam.com\\\/product\\\/ngon-vietnam-playing-cards\\\/#primaryimage\"},\"thumbnailUrl\":\"https:\\\/\\\/ngon-vietnam.com\\\/wp-content\\\/uploads\\\/2025\\\/10\\\/Ngon-Vietnam-packshot-white-background.png\",\"datePublished\":\"2025-10-01T09:33:57+00:00\",\"dateModified\":\"2025-10-02T09:03:29+00:00\",\"description\":\"Ngon Vietnam playing cards: 54 beautifully illustrated cards featuring iconic Vietnamese dishes, street food, and recipes. Play, collect, or gift.\",\"breadcrumb\":{\"@id\":\"https:\\\/\\\/ngon-vietnam.com\\\/product\\\/ngon-vietnam-playing-cards\\\/#breadcrumb\"},\"inLanguage\":\"vi\",\"potentialAction\":[{\"@type\":\"ReadAction\",\"target\":[\"https:\\\/\\\/ngon-vietnam.com\\\/product\\\/ngon-vietnam-playing-cards\\\/\"]}]},{\"@type\":\"ImageObject\",\"inLanguage\":\"vi\",\"@id\":\"https:\\\/\\\/ngon-vietnam.com\\\/product\\\/ngon-vietnam-playing-cards\\\/#primaryimage\",\"url\":\"https:\\\/\\\/ngon-vietnam.com\\\/wp-content\\\/uploads\\\/2025\\\/10\\\/Ngon-Vietnam-packshot-white-background.png\",\"contentUrl\":\"https:\\\/\\\/ngon-vietnam.com\\\/wp-content\\\/uploads\\\/2025\\\/10\\\/Ngon-Vietnam-packshot-white-background.png\",\"width\":1000,\"height\":1000,\"caption\":\"Ngon Vietnam - product packshot\"},{\"@type\":\"BreadcrumbList\",\"@id\":\"https:\\\/\\\/ngon-vietnam.com\\\/product\\\/ngon-vietnam-playing-cards\\\/#breadcrumb\",\"itemListElement\":[{\"@type\":\"ListItem\",\"position\":1,\"name\":\"Home\",\"item\":\"https:\\\/\\\/ngon-vietnam.com\\\/\"},{\"@type\":\"ListItem\",\"position\":2,\"name\":\"Shop\",\"item\":\"https:\\\/\\\/ngon-vietnam.com\\\/shop\\\/\"},{\"@type\":\"ListItem\",\"position\":3,\"name\":\"Ngon Vietnam Playing Cards\"}]},{\"@type\":\"WebSite\",\"@id\":\"https:\\\/\\\/ngon-vietnam.com\\\/#website\",\"url\":\"https:\\\/\\\/ngon-vietnam.com\\\/\",\"name\":\"ngon-vietnam.com\",\"description\":\"\",\"publisher\":{\"@id\":\"https:\\\/\\\/ngon-vietnam.com\\\/#organization\"},\"potentialAction\":[{\"@type\":\"SearchAction\",\"target\":{\"@type\":\"EntryPoint\",\"urlTemplate\":\"https:\\\/\\\/ngon-vietnam.com\\\/?s={search_term_string}\"},\"query-input\":{\"@type\":\"PropertyValueSpecification\",\"valueRequired\":true,\"valueName\":\"search_term_string\"}}],\"inLanguage\":\"vi\"},{\"@type\":\"Organization\",\"@id\":\"https:\\\/\\\/ngon-vietnam.com\\\/#organization\",\"name\":\"ngon-vietnam.com\",\"url\":\"https:\\\/\\\/ngon-vietnam.com\\\/\",\"logo\":{\"@type\":\"ImageObject\",\"inLanguage\":\"vi\",\"@id\":\"https:\\\/\\\/ngon-vietnam.com\\\/#\\\/schema\\\/logo\\\/image\\\/\",\"url\":\"https:\\\/\\\/ngon-vietnam.com\\\/wp-content\\\/uploads\\\/2025\\\/10\\\/Logo-Ngon-Vietnam.png\",\"contentUrl\":\"https:\\\/\\\/ngon-vietnam.com\\\/wp-content\\\/uploads\\\/2025\\\/10\\\/Logo-Ngon-Vietnam.png\",\"width\":319,\"height\":145,\"caption\":\"ngon-vietnam.com\"},\"image\":{\"@id\":\"https:\\\/\\\/ngon-vietnam.com\\\/#\\\/schema\\\/logo\\\/image\\\/\"}}]}<\/script>\n<!-- \/ Yoast SEO plugin. -->","yoast_head_json":{"title":"Buy Ngon Vietnam Playing Cards","description":"Ngon Vietnam playing cards: 54 beautifully illustrated cards featuring iconic Vietnamese dishes, street food, and recipes. Play, collect, or gift.","robots":{"index":"index","follow":"follow","max-snippet":"max-snippet:-1","max-image-preview":"max-image-preview:large","max-video-preview":"max-video-preview:-1"},"canonical":"https:\/\/ngon-vietnam.com\/vi\/san-pham\/ngon-vietnam-playing-cards\/","og_locale":"vi_VN","og_type":"article","og_title":"Buy Ngon Vietnam Playing Cards","og_description":"Ngon Vietnam playing cards: 54 beautifully illustrated cards featuring iconic Vietnamese dishes, street food, and recipes. Play, collect, or gift.","og_url":"https:\/\/ngon-vietnam.com\/vi\/san-pham\/ngon-vietnam-playing-cards\/","og_site_name":"ngon-vietnam.com","article_modified_time":"2025-10-02T09:03:29+00:00","og_image":[{"width":1000,"height":1000,"url":"https:\/\/ngon-vietnam.com\/wp-content\/uploads\/2025\/09\/Product-packshot.png","type":"image\/png"}],"twitter_card":"summary_large_image","twitter_misc":{"\u01af\u1edbc t\u00ednh th\u1eddi gian \u0111\u1ecdc":"1 ph\u00fat"},"schema":{"@context":"https:\/\/schema.org","@graph":[{"@type":"WebPage","@id":"https:\/\/ngon-vietnam.com\/product\/ngon-vietnam-playing-cards\/","url":"https:\/\/ngon-vietnam.com\/product\/ngon-vietnam-playing-cards\/","name":"Buy Ngon Vietnam Playing Cards","isPartOf":{"@id":"https:\/\/ngon-vietnam.com\/#website"},"primaryImageOfPage":{"@id":"https:\/\/ngon-vietnam.com\/product\/ngon-vietnam-playing-cards\/#primaryimage"},"image":{"@id":"https:\/\/ngon-vietnam.com\/product\/ngon-vietnam-playing-cards\/#primaryimage"},"thumbnailUrl":"https:\/\/ngon-vietnam.com\/wp-content\/uploads\/2025\/10\/Ngon-Vietnam-packshot-white-background.png","datePublished":"2025-10-01T09:33:57+00:00","dateModified":"2025-10-02T09:03:29+00:00","description":"Ngon Vietnam playing cards: 54 beautifully illustrated cards featuring iconic Vietnamese dishes, street food, and recipes. Play, collect, or gift.","breadcrumb":{"@id":"https:\/\/ngon-vietnam.com\/product\/ngon-vietnam-playing-cards\/#breadcrumb"},"inLanguage":"vi","potentialAction":[{"@type":"ReadAction","target":["https:\/\/ngon-vietnam.com\/product\/ngon-vietnam-playing-cards\/"]}]},{"@type":"ImageObject","inLanguage":"vi","@id":"https:\/\/ngon-vietnam.com\/product\/ngon-vietnam-playing-cards\/#primaryimage","url":"https:\/\/ngon-vietnam.com\/wp-content\/uploads\/2025\/10\/Ngon-Vietnam-packshot-white-background.png","contentUrl":"https:\/\/ngon-vietnam.com\/wp-content\/uploads\/2025\/10\/Ngon-Vietnam-packshot-white-background.png","width":1000,"height":1000,"caption":"Ngon Vietnam - product packshot"},{"@type":"BreadcrumbList","@id":"https:\/\/ngon-vietnam.com\/product\/ngon-vietnam-playing-cards\/#breadcrumb","itemListElement":[{"@type":"ListItem","position":1,"name":"Home","item":"https:\/\/ngon-vietnam.com\/"},{"@type":"ListItem","position":2,"name":"Shop","item":"https:\/\/ngon-vietnam.com\/shop\/"},{"@type":"ListItem","position":3,"name":"Ngon Vietnam Playing Cards"}]},{"@type":"WebSite","@id":"https:\/\/ngon-vietnam.com\/#website","url":"https:\/\/ngon-vietnam.com\/","name":"ngon-vietnam.com","description":"","publisher":{"@id":"https:\/\/ngon-vietnam.com\/#organization"},"potentialAction":[{"@type":"SearchAction","target":{"@type":"EntryPoint","urlTemplate":"https:\/\/ngon-vietnam.com\/?s={search_term_string}"},"query-input":{"@type":"PropertyValueSpecification","valueRequired":true,"valueName":"search_term_string"}}],"inLanguage":"vi"},{"@type":"Organization","@id":"https:\/\/ngon-vietnam.com\/#organization","name":"ngon-vietnam.com","url":"https:\/\/ngon-vietnam.com\/","logo":{"@type":"ImageObject","inLanguage":"vi","@id":"https:\/\/ngon-vietnam.com\/#\/schema\/logo\/image\/","url":"https:\/\/ngon-vietnam.com\/wp-content\/uploads\/2025\/10\/Logo-Ngon-Vietnam.png","contentUrl":"https:\/\/ngon-vietnam.com\/wp-content\/uploads\/2025\/10\/Logo-Ngon-Vietnam.png","width":319,"height":145,"caption":"ngon-vietnam.com"},"image":{"@id":"https:\/\/ngon-vietnam.com\/#\/schema\/logo\/image\/"}}]}},"_links":{"self":[{"href":"https:\/\/ngon-vietnam.com\/vi\/wp-json\/wp\/v2\/product\/987","targetHints":{"allow":["GET"]}}],"collection":[{"href":"https:\/\/ngon-vietnam.com\/vi\/wp-json\/wp\/v2\/product"}],"about":[{"href":"https:\/\/ngon-vietnam.com\/vi\/wp-json\/wp\/v2\/types\/product"}],"wp:featuredmedia":[{"embeddable":true,"href":"https:\/\/ngon-vietnam.com\/vi\/wp-json\/wp\/v2\/media\/1030"}],"wp:attachment":[{"href":"https:\/\/ngon-vietnam.com\/vi\/wp-json\/wp\/v2\/media?parent=987"}],"wp:term":[{"taxonomy":"product_brand","embeddable":true,"href":"https:\/\/ngon-vietnam.com\/vi\/wp-json\/wp\/v2\/product_brand?post=987"},{"taxonomy":"product_cat","embeddable":true,"href":"https:\/\/ngon-vietnam.com\/vi\/wp-json\/wp\/v2\/product_cat?post=987"},{"taxonomy":"product_tag","embeddable":true,"href":"https:\/\/ngon-vietnam.com\/vi\/wp-json\/wp\/v2\/product_tag?post=987"}],"curies":[{"name":"wp","href":"https:\/\/api.w.org\/{rel}","templated":true}]}}